{"id":553,"date":"2021-11-02T08:55:26","date_gmt":"2021-11-02T08:55:26","guid":{"rendered":"https:\/\/demo.athemes.com\/sydney-main\/?page_id=553"},"modified":"2026-02-22T14:58:10","modified_gmt":"2026-02-22T14:58:10","slug":"contact","status":"publish","type":"page","link":"https:\/\/gz-advicesservices.ma\/ar\/contact\/","title":{"rendered":"\u0627\u062a\u0635\u0644 \u0628\u0646\u0627"},"content":{"rendered":"\t\t<div data-elementor-type=\"wp-page\" data-elementor-id=\"553\" class=\"elementor elementor-553\">\n\t\t\t\t<div class=\"elementor-element elementor-element-4ab7f51 e-flex e-con-boxed e-con e-parent\" data-id=\"4ab7f51\" data-element_type=\"container\">\n\t\t\t\t\t<div class=\"e-con-inner\">\n\t\t<div class=\"elementor-element elementor-element-675bac2 e-con-full e-flex e-con e-child\" data-id=\"675bac2\" data-element_type=\"container\">\n\t\t\t\t<div class=\"elementor-element elementor-element-578202f elementor-widget elementor-widget-heading\" data-id=\"578202f\" data-element_type=\"widget\" data-widget_type=\"heading.default\">\n\t\t\t\t\t<h2 class=\"elementor-heading-title elementor-size-default\">Contactez-nous<\/h2>\t\t\t\t<\/div>\n\t\t\t\t<\/div>\n\t\t<div class=\"elementor-element elementor-element-02feb46 e-con-full e-flex e-con e-child\" data-id=\"02feb46\" data-element_type=\"container\">\n\t\t\t\t<div class=\"elementor-element elementor-element-386d4ed elementor-widget elementor-widget-text-editor\" data-id=\"386d4ed\" data-element_type=\"widget\" data-widget_type=\"text-editor.default\">\n\t\t\t\t\t\t\t\t\t<p style=\"margin: 0;\">Vous avez un projet ou besoin d\u2019un accompagnement professionnel ?<\/p><p data-start=\"144\" data-end=\"328\">Notre \u00e9quipe est \u00e0 votre \u00e9coute pour r\u00e9pondre \u00e0 vos questions et vous proposer des solutions adapt\u00e9es \u00e0 vos besoins.<\/p>\t\t\t\t\t\t\t\t<\/div>\n\t\t\t\t<\/div>\n\t\t\t\t\t<\/div>\n\t\t\t\t<\/div>\n\t\t<div class=\"elementor-element elementor-element-0618a07 e-flex e-con-boxed e-con e-parent\" data-id=\"0618a07\" data-element_type=\"container\">\n\t\t\t\t\t<div class=\"e-con-inner\">\n\t\t<div class=\"elementor-element elementor-element-46d116f e-con-full e-flex e-con e-child\" data-id=\"46d116f\" data-element_type=\"container\">\n\t\t\t\t<div class=\"elementor-element elementor-element-818aab8 elementor-widget elementor-widget-heading\" data-id=\"818aab8\" data-element_type=\"widget\" data-widget_type=\"heading.default\">\n\t\t\t\t\t<h6 class=\"elementor-heading-title elementor-size-default\">Email<\/h6>\t\t\t\t<\/div>\n\t\t\t\t<div class=\"elementor-element elementor-element-c34cae0 elementor-widget elementor-widget-heading\" data-id=\"c34cae0\" data-element_type=\"widget\" data-widget_type=\"heading.default\">\n\t\t\t\t\t<h6 class=\"elementor-heading-title elementor-size-default\"><a href=\"mailto:contact@gz.advicesservices.ma\">contact@gz.advicesservices.ma<\/a><\/h6>\t\t\t\t<\/div>\n\t\t\t\t<\/div>\n\t\t<div class=\"elementor-element elementor-element-272ecac e-con-full e-flex e-con e-child\" data-id=\"272ecac\" data-element_type=\"container\">\n\t\t\t\t<div class=\"elementor-element elementor-element-20d4ef8 elementor-widget elementor-widget-heading\" data-id=\"20d4ef8\" data-element_type=\"widget\" data-widget_type=\"heading.default\">\n\t\t\t\t\t<h6 class=\"elementor-heading-title elementor-size-default\">Adresse<\/h6>\t\t\t\t<\/div>\n\t\t\t\t<div class=\"elementor-element elementor-element-e79d01c elementor-widget elementor-widget-heading\" data-id=\"e79d01c\" data-element_type=\"widget\" data-widget_type=\"heading.default\">\n\t\t\t\t\t<h6 class=\"elementor-heading-title elementor-size-default\">410, Boulevard Zerktouni\nR\u00e9sidence Hamad, Appartement n\u00b01\nCasablanca, Maroc<\/h6>\t\t\t\t<\/div>\n\t\t\t\t<\/div>\n\t\t<div class=\"elementor-element elementor-element-a3c586c e-con-full e-flex e-con e-child\" data-id=\"a3c586c\" data-element_type=\"container\">\n\t\t\t\t<div class=\"elementor-element elementor-element-35a33ae elementor-widget elementor-widget-heading\" data-id=\"35a33ae\" data-element_type=\"widget\" data-widget_type=\"heading.default\">\n\t\t\t\t\t<h6 class=\"elementor-heading-title elementor-size-default\">T\u00e9l\u00e9phone<\/h6>\t\t\t\t<\/div>\n\t\t\t\t<div class=\"elementor-element elementor-element-f816b48 elementor-widget elementor-widget-heading\" data-id=\"f816b48\" data-element_type=\"widget\" data-widget_type=\"heading.default\">\n\t\t\t\t\t<h6 class=\"elementor-heading-title elementor-size-default\"><a href=\"tel:+212652429004\">+212 652 429 004<\/a><\/h6>\t\t\t\t<\/div>\n\t\t\t\t<\/div>\n\t\t\t\t\t<\/div>\n\t\t\t\t<\/div>\n\t\t<div class=\"elementor-element elementor-element-305f313 e-flex e-con-boxed e-con e-parent\" data-id=\"305f313\" data-element_type=\"container\">\n\t\t\t\t\t<div class=\"e-con-inner\">\n\t\t<div class=\"elementor-element elementor-element-2f9f410 e-con-full e-flex e-con e-child\" data-id=\"2f9f410\" data-element_type=\"container\">\n\t\t\t\t<div class=\"elementor-element elementor-element-9e2f6b0 elementor-widget elementor-widget-heading\" data-id=\"9e2f6b0\" data-element_type=\"widget\" data-widget_type=\"heading.default\">\n\t\t\t\t\t<h3 class=\"elementor-heading-title elementor-size-default\">Envoyez-nous un message et nous vous r\u00e9pondrons rapidement<\/h3>\t\t\t\t<\/div>\n\t\t\t\t<div class=\"elementor-element elementor-element-da3c04e syd-contact elementor-widget elementor-widget-shortcode\" data-id=\"da3c04e\" data-element_type=\"widget\" data-widget_type=\"shortcode.default\">\n\t\t\t\t\t\t\t<div class=\"elementor-shortcode\"><style id=\"wpforms-css-vars-744\">\n\t\t\t\t#wpforms-744 {\n\t\t\t\t--wpforms-container-padding: 0px;\n--wpforms-container-border-width: 1px;\n--wpforms-container-border-radius: 3px;\n--wpforms-background-color: rgba(0, 0, 0, 0);\n--wpforms-field-size-input-height: 43px;\n--wpforms-field-size-input-spacing: 15px;\n--wpforms-field-size-font-size: 16px;\n--wpforms-field-size-line-height: 19px;\n--wpforms-field-size-padding-h: 14px;\n--wpforms-field-size-checkbox-size: 16px;\n--wpforms-field-size-sublabel-spacing: 5px;\n--wpforms-field-size-icon-size: 1;\n--wpforms-label-size-font-size: 16px;\n--wpforms-label-size-line-height: 19px;\n--wpforms-label-size-sublabel-font-size: 14px;\n--wpforms-label-size-sublabel-line-height: 17px;\n--wpforms-button-size-font-size: 17px;\n--wpforms-button-size-height: 41px;\n--wpforms-button-size-padding-h: 15px;\n--wpforms-button-size-margin-top: 10px;\n--wpforms-container-shadow-size-box-shadow: none;\n\t\t\t}\n\t\t\t<\/style><div class=\"wpforms-container wpforms-container-full wpforms-render-modern\" id=\"wpforms-744\"><form id=\"wpforms-form-744\" class=\"wpforms-validate wpforms-form wpforms-ajax-form\" data-formid=\"744\" method=\"post\" enctype=\"multipart\/form-data\" action=\"\/ar\/wp-json\/wp\/v2\/pages\/553\" data-token=\"dd9d93eb59e4cd1fab2d151371cfec0c\" data-token-time=\"1778709134\"><noscript class=\"wpforms-error-noscript\">Please enable JavaScript in your browser to complete this form.<\/noscript><div id=\"wpforms-error-noscript\" style=\"display: none;\">Please enable JavaScript in your browser to complete this form.<\/div><div class=\"wpforms-field-container\"><div id=\"wpforms-744-field_4-container\" class=\"wpforms-field wpforms-field-text wpforms-one-half wpforms-first\" data-field-id=\"4\"><label class=\"wpforms-field-label\" for=\"wpforms-744-field_4\">Soci\u00e9t\u00e9  <span class=\"wpforms-required-label\" aria-hidden=\"true\">*<\/span><\/label><input type=\"text\" id=\"wpforms-744-field_4\" class=\"wpforms-field-large wpforms-field-required\" name=\"wpforms[fields][4]\" aria-errormessage=\"wpforms-744-field_4-error\" required><\/div><div id=\"wpforms-744-field_0-container\" class=\"wpforms-field wpforms-field-name wpforms-one-half wpforms-first\" data-field-id=\"0\"><label class=\"wpforms-field-label\" for=\"wpforms-744-field_0\">Nom  <span class=\"wpforms-required-label\" aria-hidden=\"true\">*<\/span><\/label><input type=\"text\" id=\"wpforms-744-field_0\" class=\"wpforms-field-large wpforms-field-required\" name=\"wpforms[fields][0]\" aria-errormessage=\"wpforms-744-field_0-error\" required><\/div><div id=\"wpforms-744-field_5-container\" class=\"wpforms-field wpforms-field-text wpforms-one-half\" data-field-id=\"5\"><label class=\"wpforms-field-label\" for=\"wpforms-744-field_5\">Pr\u00e9nom  <span class=\"wpforms-required-label\" aria-hidden=\"true\">*<\/span><\/label><input type=\"text\" id=\"wpforms-744-field_5\" class=\"wpforms-field-large wpforms-field-required\" name=\"wpforms[fields][5]\" aria-errormessage=\"wpforms-744-field_5-error\" required><\/div><div id=\"wpforms-744-field_3-container\" class=\"wpforms-field wpforms-field-name wpforms-one-half wpforms-first\" data-field-id=\"3\"><label class=\"wpforms-field-label\" for=\"wpforms-744-field_3\">T\u00e9l\u00e9phone <span class=\"wpforms-required-label\" aria-hidden=\"true\">*<\/span><\/label><input type=\"text\" id=\"wpforms-744-field_3\" class=\"wpforms-field-large wpforms-field-required\" name=\"wpforms[fields][3]\" aria-errormessage=\"wpforms-744-field_3-error\" required><\/div><div id=\"wpforms-744-field_1-container\" class=\"wpforms-field wpforms-field-email wpforms-one-half\" data-field-id=\"1\"><label class=\"wpforms-field-label\" for=\"wpforms-744-field_1\">Email <span class=\"wpforms-required-label\" aria-hidden=\"true\">*<\/span><\/label><input type=\"email\" id=\"wpforms-744-field_1\" class=\"wpforms-field-large wpforms-field-required\" name=\"wpforms[fields][1]\" spellcheck=\"false\" aria-errormessage=\"wpforms-744-field_1-error\" required><\/div><div id=\"wpforms-744-field_6-container\" class=\"wpforms-field wpforms-field-text\" data-field-id=\"6\"><label class=\"wpforms-field-label\" for=\"wpforms-744-field_6\">Objet <span class=\"wpforms-required-label\" aria-hidden=\"true\">*<\/span><\/label><input type=\"text\" id=\"wpforms-744-field_6\" class=\"wpforms-field-large wpforms-field-required\" name=\"wpforms[fields][6]\" aria-errormessage=\"wpforms-744-field_6-error\" required><\/div><div id=\"wpforms-744-field_2-container\" class=\"wpforms-field wpforms-field-textarea\" data-field-id=\"2\"><label class=\"wpforms-field-label\" for=\"wpforms-744-field_2\">Message <span class=\"wpforms-required-label\" aria-hidden=\"true\">*<\/span><\/label><textarea id=\"wpforms-744-field_2\" class=\"wpforms-field-large wpforms-field-required\" name=\"wpforms[fields][2]\" aria-errormessage=\"wpforms-744-field_2-error\" required><\/textarea><\/div><\/div><!-- .wpforms-field-container --><div class=\"wpforms-submit-container\" ><input type=\"hidden\" name=\"wpforms[id]\" value=\"744\"><input type=\"hidden\" name=\"page_title\" value=\"\"><input type=\"hidden\" name=\"page_url\" value=\"https:\/\/gz-advicesservices.ma\/ar\/wp-json\/wp\/v2\/pages\/553\"><input type=\"hidden\" name=\"url_referer\" value=\"\"><button type=\"submit\" name=\"wpforms[submit]\" id=\"wpforms-submit-744\" class=\"wpforms-submit\" data-alt-text=\"Sending...\" data-submit-text=\"Contactez-nous\" aria-live=\"assertive\" value=\"wpforms-submit\">Contactez-nous<\/button><img decoding=\"async\" src=\"https:\/\/gz-advicesservices.ma\/wp-content\/plugins\/wpforms-lite\/assets\/images\/submit-spin.svg\" class=\"wpforms-submit-spinner\" style=\"display: none;\" width=\"26\" height=\"26\" alt=\"Loading\"><\/div><\/form><\/div>  <!-- .wpforms-container -->\t<\/div>\n\t\t\t\t\t\t<\/div>\n\t\t\t\t<\/div>\n\t\t\t\t\t<\/div>\n\t\t\t\t<\/div>\n\t\t\t\t<\/div>\n\t\t","protected":false},"excerpt":{"rendered":"<p>Contactez-nous Vous avez un projet ou besoin d\u2019un accompagnement professionnel ? Notre \u00e9quipe est \u00e0 votre \u00e9coute pour r\u00e9pondre \u00e0 vos questions [&hellip;]<\/p>\n","protected":false},"author":1,"featured_media":0,"parent":0,"menu_order":0,"comment_status":"closed","ping_status":"closed","template":"page-templates\/page_front-page.php","meta":{"pagelayer_contact_templates":[],"_pagelayer_content":"","footnotes":""},"class_list":["post-553","page","type-page","status-publish","hentry"],"_links":{"self":[{"href":"https:\/\/gz-advicesservices.ma\/ar\/wp-json\/wp\/v2\/pages\/553","targetHints":{"allow":["GET"]}}],"collection":[{"href":"https:\/\/gz-advicesservices.ma\/ar\/wp-json\/wp\/v2\/pages"}],"about":[{"href":"https:\/\/gz-advicesservices.ma\/ar\/wp-json\/wp\/v2\/types\/page"}],"author":[{"embeddable":true,"href":"https:\/\/gz-advicesservices.ma\/ar\/wp-json\/wp\/v2\/users\/1"}],"replies":[{"embeddable":true,"href":"https:\/\/gz-advicesservices.ma\/ar\/wp-json\/wp\/v2\/comments?post=553"}],"version-history":[{"count":9,"href":"https:\/\/gz-advicesservices.ma\/ar\/wp-json\/wp\/v2\/pages\/553\/revisions"}],"predecessor-version":[{"id":1021,"href":"https:\/\/gz-advicesservices.ma\/ar\/wp-json\/wp\/v2\/pages\/553\/revisions\/1021"}],"wp:attachment":[{"href":"https:\/\/gz-advicesservices.ma\/ar\/wp-json\/wp\/v2\/media?parent=553"}],"curies":[{"name":"wp","href":"https:\/\/api.w.org\/{rel}","templated":true}]}}